{"id":1961,"date":"2021-07-06T19:23:53","date_gmt":"2021-07-06T17:23:53","guid":{"rendered":"https:\/\/www.sedge.be\/?post_type=product&#038;p=1961"},"modified":"2022-04-28T18:57:30","modified_gmt":"2022-04-28T16:57:30","slug":"long-drinks","status":"publish","type":"product","link":"https:\/\/www.sedge.be\/fr\/product\/long-drinks\/","title":{"rendered":"LONG DRINKS<br>(48pcs)"},"content":{"rendered":"<p>Les pailles de SEDGE sont produites \u00e0 base de 100% de paille.<br \/>\n\u00c0 usage unique, elles sont enti\u00e8rement compostables.<br \/>\nC\u2019est une v\u00e9ritable alternative de qualit\u00e9 et durable aux pailles en plastique.<br \/>\nLa paille en paille reste ferme \u00e0 l\u2019usage et la pulpe ne l\u2019obstrue pas.<\/p>\n<p>L&#8217;emballage carr\u00e9 contient 48 pailles.<br \/>\nLe tube, qui sera lanc\u00e9 d&#8217;ici la fin de cette ann\u00e9e, contient 100 pailles.<\/p>\n","protected":false},"excerpt":{"rendered":"<p>SEDGE a un diam\u00e8tre entre 5 et 8 mm et est disponible en 3 longueurs diff\u00e9rentes.<\/p>\n<p>Cet article (20 cm) convient aux long drinks, mocktails et jus de fruits.<\/p>\n<ul>\n<li>Livraison gratuite \u00e0 partir de 39,89 euros<\/li>\n<li>D\u00e9lai de livraison : en moyenne 3 jours ouvr\u00e9s<\/li>\n<\/ul>\n","protected":false},"featured_media":3037,"comment_status":"closed","ping_status":"closed","template":"","meta":{"_acf_changed":false,"inline_featured_image":false},"product_brand":[],"product_cat":[79],"product_tag":[],"class_list":{"0":"post-1961","1":"product","2":"type-product","3":"status-publish","4":"has-post-thumbnail","6":"product_cat-straws-fr","8":"first","9":"instock","10":"taxable","11":"shipping-taxable","12":"purchasable","13":"product-type-simple"},"acf":[],"yoast_head":"<!-- This site is optimized with the Yoast SEO plugin v27.4 - https:\/\/yoast.com\/product\/yoast-seo-wordpress\/ -->\n<title>LONG DRINKS(48pcs) - SEDGE<\/title>\n<meta name=\"robots\" content=\"index, follow, max-snippet:-1, max-image-preview:large, max-video-preview:-1\" \/>\n<link rel=\"canonical\" href=\"https:\/\/www.sedge.be\/fr\/product\/long-drinks\/\" \/>\n<meta property=\"og:locale\" content=\"fr_FR\" \/>\n<meta property=\"og:type\" content=\"article\" \/>\n<meta property=\"og:title\" content=\"LONG DRINKS(48pcs) - SEDGE\" \/>\n<meta property=\"og:description\" content=\"SEDGE a un diam\u00e8tre entre 5 et 8 mm et est disponible en 3 longueurs diff\u00e9rentes.  Cet article (20 cm) convient aux long drinks, mocktails et jus de fruits.   Livraison gratuite \u00e0 partir de 39,89 euros  D\u00e9lai de livraison : en moyenne 3 jours ouvr\u00e9s\" \/>\n<meta property=\"og:url\" content=\"https:\/\/www.sedge.be\/fr\/product\/long-drinks\/\" \/>\n<meta property=\"og:site_name\" content=\"SEDGE\" \/>\n<meta property=\"article:modified_time\" content=\"2022-04-28T16:57:30+00:00\" \/>\n<meta property=\"og:image\" content=\"https:\/\/www.sedge.be\/wp-content\/uploads\/2021\/08\/SEDGE_Long_Drinks.png\" \/>\n\t<meta property=\"og:image:width\" content=\"550\" \/>\n\t<meta property=\"og:image:height\" content=\"550\" \/>\n\t<meta property=\"og:image:type\" content=\"image\/png\" \/>\n<meta name=\"twitter:card\" content=\"summary_large_image\" \/>\n<meta name=\"twitter:label1\" content=\"Dur\u00e9e de lecture estim\u00e9e\" \/>\n\t<meta name=\"twitter:data1\" content=\"1 minute\" \/>\n<script type=\"application\/ld+json\" class=\"yoast-schema-graph\">{\"@context\":\"https:\\\/\\\/schema.org\",\"@graph\":[{\"@type\":\"WebPage\",\"@id\":\"https:\\\/\\\/www.sedge.be\\\/fr\\\/product\\\/long-drinks\\\/\",\"url\":\"https:\\\/\\\/www.sedge.be\\\/fr\\\/product\\\/long-drinks\\\/\",\"name\":\"LONG DRINKS (48pcs) - SEDGE\",\"isPartOf\":{\"@id\":\"https:\\\/\\\/www.sedge.be\\\/nl\\\/#website\"},\"primaryImageOfPage\":{\"@id\":\"https:\\\/\\\/www.sedge.be\\\/fr\\\/product\\\/long-drinks\\\/#primaryimage\"},\"image\":{\"@id\":\"https:\\\/\\\/www.sedge.be\\\/fr\\\/product\\\/long-drinks\\\/#primaryimage\"},\"thumbnailUrl\":\"https:\\\/\\\/www.sedge.be\\\/wp-content\\\/uploads\\\/2021\\\/08\\\/SEDGE_Long_Drinks.png\",\"datePublished\":\"2021-07-06T17:23:53+00:00\",\"dateModified\":\"2022-04-28T16:57:30+00:00\",\"breadcrumb\":{\"@id\":\"https:\\\/\\\/www.sedge.be\\\/fr\\\/product\\\/long-drinks\\\/#breadcrumb\"},\"inLanguage\":\"fr-FR\",\"potentialAction\":[{\"@type\":\"ReadAction\",\"target\":[\"https:\\\/\\\/www.sedge.be\\\/fr\\\/product\\\/long-drinks\\\/\"]}]},{\"@type\":\"ImageObject\",\"inLanguage\":\"fr-FR\",\"@id\":\"https:\\\/\\\/www.sedge.be\\\/fr\\\/product\\\/long-drinks\\\/#primaryimage\",\"url\":\"https:\\\/\\\/www.sedge.be\\\/wp-content\\\/uploads\\\/2021\\\/08\\\/SEDGE_Long_Drinks.png\",\"contentUrl\":\"https:\\\/\\\/www.sedge.be\\\/wp-content\\\/uploads\\\/2021\\\/08\\\/SEDGE_Long_Drinks.png\",\"width\":550,\"height\":550},{\"@type\":\"BreadcrumbList\",\"@id\":\"https:\\\/\\\/www.sedge.be\\\/fr\\\/product\\\/long-drinks\\\/#breadcrumb\",\"itemListElement\":[{\"@type\":\"ListItem\",\"position\":1,\"name\":\"Home\",\"item\":\"https:\\\/\\\/www.sedge.be\\\/fr\\\/\"},{\"@type\":\"ListItem\",\"position\":2,\"name\":\"Shop\",\"item\":\"https:\\\/\\\/www.sedge.be\\\/nl\\\/shop\\\/\"},{\"@type\":\"ListItem\",\"position\":3,\"name\":\"LONG DRINKS(48pcs)\"}]},{\"@type\":\"WebSite\",\"@id\":\"https:\\\/\\\/www.sedge.be\\\/nl\\\/#website\",\"url\":\"https:\\\/\\\/www.sedge.be\\\/nl\\\/\",\"name\":\"Sedge Straws\",\"description\":\"Change the world, straw by straw\",\"potentialAction\":[{\"@type\":\"SearchAction\",\"target\":{\"@type\":\"EntryPoint\",\"urlTemplate\":\"https:\\\/\\\/www.sedge.be\\\/nl\\\/?s={search_term_string}\"},\"query-input\":{\"@type\":\"PropertyValueSpecification\",\"valueRequired\":true,\"valueName\":\"search_term_string\"}}],\"inLanguage\":\"fr-FR\"}]}<\/script>\n<!-- \/ Yoast SEO plugin. -->","yoast_head_json":{"title":"LONG DRINKS(48pcs) - SEDGE","robots":{"index":"index","follow":"follow","max-snippet":"max-snippet:-1","max-image-preview":"max-image-preview:large","max-video-preview":"max-video-preview:-1"},"canonical":"https:\/\/www.sedge.be\/fr\/product\/long-drinks\/","og_locale":"fr_FR","og_type":"article","og_title":"LONG DRINKS(48pcs) - SEDGE","og_description":"SEDGE a un diam\u00e8tre entre 5 et 8 mm et est disponible en 3 longueurs diff\u00e9rentes.  Cet article (20 cm) convient aux long drinks, mocktails et jus de fruits.   Livraison gratuite \u00e0 partir de 39,89 euros  D\u00e9lai de livraison : en moyenne 3 jours ouvr\u00e9s","og_url":"https:\/\/www.sedge.be\/fr\/product\/long-drinks\/","og_site_name":"SEDGE","article_modified_time":"2022-04-28T16:57:30+00:00","og_image":[{"width":550,"height":550,"url":"https:\/\/www.sedge.be\/wp-content\/uploads\/2021\/08\/SEDGE_Long_Drinks.png","type":"image\/png"}],"twitter_card":"summary_large_image","twitter_misc":{"Dur\u00e9e de lecture estim\u00e9e":"1 minute"},"schema":{"@context":"https:\/\/schema.org","@graph":[{"@type":"WebPage","@id":"https:\/\/www.sedge.be\/fr\/product\/long-drinks\/","url":"https:\/\/www.sedge.be\/fr\/product\/long-drinks\/","name":"LONG DRINKS (48pcs) - SEDGE","isPartOf":{"@id":"https:\/\/www.sedge.be\/nl\/#website"},"primaryImageOfPage":{"@id":"https:\/\/www.sedge.be\/fr\/product\/long-drinks\/#primaryimage"},"image":{"@id":"https:\/\/www.sedge.be\/fr\/product\/long-drinks\/#primaryimage"},"thumbnailUrl":"https:\/\/www.sedge.be\/wp-content\/uploads\/2021\/08\/SEDGE_Long_Drinks.png","datePublished":"2021-07-06T17:23:53+00:00","dateModified":"2022-04-28T16:57:30+00:00","breadcrumb":{"@id":"https:\/\/www.sedge.be\/fr\/product\/long-drinks\/#breadcrumb"},"inLanguage":"fr-FR","potentialAction":[{"@type":"ReadAction","target":["https:\/\/www.sedge.be\/fr\/product\/long-drinks\/"]}]},{"@type":"ImageObject","inLanguage":"fr-FR","@id":"https:\/\/www.sedge.be\/fr\/product\/long-drinks\/#primaryimage","url":"https:\/\/www.sedge.be\/wp-content\/uploads\/2021\/08\/SEDGE_Long_Drinks.png","contentUrl":"https:\/\/www.sedge.be\/wp-content\/uploads\/2021\/08\/SEDGE_Long_Drinks.png","width":550,"height":550},{"@type":"BreadcrumbList","@id":"https:\/\/www.sedge.be\/fr\/product\/long-drinks\/#breadcrumb","itemListElement":[{"@type":"ListItem","position":1,"name":"Home","item":"https:\/\/www.sedge.be\/fr\/"},{"@type":"ListItem","position":2,"name":"Shop","item":"https:\/\/www.sedge.be\/nl\/shop\/"},{"@type":"ListItem","position":3,"name":"LONG DRINKS(48pcs)"}]},{"@type":"WebSite","@id":"https:\/\/www.sedge.be\/nl\/#website","url":"https:\/\/www.sedge.be\/nl\/","name":"Sedge Straws","description":"Change the world, straw by straw","potentialAction":[{"@type":"SearchAction","target":{"@type":"EntryPoint","urlTemplate":"https:\/\/www.sedge.be\/nl\/?s={search_term_string}"},"query-input":{"@type":"PropertyValueSpecification","valueRequired":true,"valueName":"search_term_string"}}],"inLanguage":"fr-FR"}]}},"_links":{"self":[{"href":"https:\/\/www.sedge.be\/fr\/wp-json\/wp\/v2\/product\/1961","targetHints":{"allow":["GET"]}}],"collection":[{"href":"https:\/\/www.sedge.be\/fr\/wp-json\/wp\/v2\/product"}],"about":[{"href":"https:\/\/www.sedge.be\/fr\/wp-json\/wp\/v2\/types\/product"}],"replies":[{"embeddable":true,"href":"https:\/\/www.sedge.be\/fr\/wp-json\/wp\/v2\/comments?post=1961"}],"wp:featuredmedia":[{"embeddable":true,"href":"https:\/\/www.sedge.be\/fr\/wp-json\/wp\/v2\/media\/3037"}],"wp:attachment":[{"href":"https:\/\/www.sedge.be\/fr\/wp-json\/wp\/v2\/media?parent=1961"}],"wp:term":[{"taxonomy":"product_brand","embeddable":true,"href":"https:\/\/www.sedge.be\/fr\/wp-json\/wp\/v2\/product_brand?post=1961"},{"taxonomy":"product_cat","embeddable":true,"href":"https:\/\/www.sedge.be\/fr\/wp-json\/wp\/v2\/product_cat?post=1961"},{"taxonomy":"product_tag","embeddable":true,"href":"https:\/\/www.sedge.be\/fr\/wp-json\/wp\/v2\/product_tag?post=1961"}],"curies":[{"name":"wp","href":"https:\/\/api.w.org\/{rel}","templated":true}]}}