{"id":1162,"date":"2021-04-12T15:32:01","date_gmt":"2021-04-12T15:32:01","guid":{"rendered":"https:\/\/www.sedge.be\/contact\/"},"modified":"2021-07-08T15:47:34","modified_gmt":"2021-07-08T13:47:34","slug":"contacter","status":"publish","type":"page","link":"https:\/\/www.sedge.be\/fr\/contacter\/","title":{"rendered":"Contacter"},"content":{"rendered":"","protected":false},"excerpt":{"rendered":"","protected":false},"author":1,"featured_media":0,"parent":0,"menu_order":0,"comment_status":"closed","ping_status":"closed","template":"page-contact.php","meta":{"_acf_changed":false,"inline_featured_image":false,"footnotes":""},"class_list":["post-1162","page","type-page","status-publish","hentry"],"acf":[],"yoast_head":"<!-- This site is optimized with the Yoast SEO plugin v27.4 - https:\/\/yoast.com\/product\/yoast-seo-wordpress\/ -->\n<title>Contacter - SEDGE<\/title>\n<meta name=\"description\" content=\"D\u00e9couvrez les pailles durables. Fabriqu\u00e9es en paille, restant fermes. La solution id\u00e9ale pour l&#039;horeca et les festivals, dimensions vari\u00e9es!\" \/>\n<meta name=\"robots\" content=\"index, follow, max-snippet:-1, max-image-preview:large, max-video-preview:-1\" \/>\n<link rel=\"canonical\" href=\"https:\/\/www.sedge.be\/fr\/contacter\/\" \/>\n<meta property=\"og:locale\" content=\"fr_FR\" \/>\n<meta property=\"og:type\" content=\"article\" \/>\n<meta property=\"og:title\" content=\"Contacter - SEDGE\" \/>\n<meta property=\"og:description\" content=\"D\u00e9couvrez les pailles durables. Fabriqu\u00e9es en paille, restant fermes. La solution id\u00e9ale pour l&#039;horeca et les festivals, dimensions vari\u00e9es!\" \/>\n<meta property=\"og:url\" content=\"https:\/\/www.sedge.be\/fr\/contacter\/\" \/>\n<meta property=\"og:site_name\" content=\"SEDGE\" \/>\n<meta property=\"article:modified_time\" content=\"2021-07-08T13:47:34+00:00\" \/>\n<meta name=\"twitter:card\" content=\"summary_large_image\" \/>\n<script type=\"application\/ld+json\" class=\"yoast-schema-graph\">{\"@context\":\"https:\\\/\\\/schema.org\",\"@graph\":[{\"@type\":\"WebPage\",\"@id\":\"https:\\\/\\\/www.sedge.be\\\/fr\\\/contacter\\\/\",\"url\":\"https:\\\/\\\/www.sedge.be\\\/fr\\\/contacter\\\/\",\"name\":\"Contacter - SEDGE\",\"isPartOf\":{\"@id\":\"https:\\\/\\\/www.sedge.be\\\/nl\\\/#website\"},\"datePublished\":\"2021-04-12T15:32:01+00:00\",\"dateModified\":\"2021-07-08T13:47:34+00:00\",\"description\":\"D\u00e9couvrez les pailles durables. Fabriqu\u00e9es en paille, restant fermes. La solution id\u00e9ale pour l'horeca et les festivals, dimensions vari\u00e9es!\",\"breadcrumb\":{\"@id\":\"https:\\\/\\\/www.sedge.be\\\/fr\\\/contacter\\\/#breadcrumb\"},\"inLanguage\":\"fr-FR\",\"potentialAction\":[{\"@type\":\"ReadAction\",\"target\":[\"https:\\\/\\\/www.sedge.be\\\/fr\\\/contacter\\\/\"]}]},{\"@type\":\"BreadcrumbList\",\"@id\":\"https:\\\/\\\/www.sedge.be\\\/fr\\\/contacter\\\/#breadcrumb\",\"itemListElement\":[{\"@type\":\"ListItem\",\"position\":1,\"name\":\"Home\",\"item\":\"https:\\\/\\\/www.sedge.be\\\/fr\\\/\"},{\"@type\":\"ListItem\",\"position\":2,\"name\":\"Contacter\"}]},{\"@type\":\"WebSite\",\"@id\":\"https:\\\/\\\/www.sedge.be\\\/nl\\\/#website\",\"url\":\"https:\\\/\\\/www.sedge.be\\\/nl\\\/\",\"name\":\"Sedge Straws\",\"description\":\"Change the world, straw by straw\",\"potentialAction\":[{\"@type\":\"SearchAction\",\"target\":{\"@type\":\"EntryPoint\",\"urlTemplate\":\"https:\\\/\\\/www.sedge.be\\\/nl\\\/?s={search_term_string}\"},\"query-input\":{\"@type\":\"PropertyValueSpecification\",\"valueRequired\":true,\"valueName\":\"search_term_string\"}}],\"inLanguage\":\"fr-FR\"}]}<\/script>\n<!-- \/ Yoast SEO plugin. -->","yoast_head_json":{"title":"Contacter - SEDGE","description":"D\u00e9couvrez les pailles durables. Fabriqu\u00e9es en paille, restant fermes. La solution id\u00e9ale pour l'horeca et les festivals, dimensions vari\u00e9es!","robots":{"index":"index","follow":"follow","max-snippet":"max-snippet:-1","max-image-preview":"max-image-preview:large","max-video-preview":"max-video-preview:-1"},"canonical":"https:\/\/www.sedge.be\/fr\/contacter\/","og_locale":"fr_FR","og_type":"article","og_title":"Contacter - SEDGE","og_description":"D\u00e9couvrez les pailles durables. Fabriqu\u00e9es en paille, restant fermes. La solution id\u00e9ale pour l'horeca et les festivals, dimensions vari\u00e9es!","og_url":"https:\/\/www.sedge.be\/fr\/contacter\/","og_site_name":"SEDGE","article_modified_time":"2021-07-08T13:47:34+00:00","twitter_card":"summary_large_image","schema":{"@context":"https:\/\/schema.org","@graph":[{"@type":"WebPage","@id":"https:\/\/www.sedge.be\/fr\/contacter\/","url":"https:\/\/www.sedge.be\/fr\/contacter\/","name":"Contacter - SEDGE","isPartOf":{"@id":"https:\/\/www.sedge.be\/nl\/#website"},"datePublished":"2021-04-12T15:32:01+00:00","dateModified":"2021-07-08T13:47:34+00:00","description":"D\u00e9couvrez les pailles durables. Fabriqu\u00e9es en paille, restant fermes. La solution id\u00e9ale pour l'horeca et les festivals, dimensions vari\u00e9es!","breadcrumb":{"@id":"https:\/\/www.sedge.be\/fr\/contacter\/#breadcrumb"},"inLanguage":"fr-FR","potentialAction":[{"@type":"ReadAction","target":["https:\/\/www.sedge.be\/fr\/contacter\/"]}]},{"@type":"BreadcrumbList","@id":"https:\/\/www.sedge.be\/fr\/contacter\/#breadcrumb","itemListElement":[{"@type":"ListItem","position":1,"name":"Home","item":"https:\/\/www.sedge.be\/fr\/"},{"@type":"ListItem","position":2,"name":"Contacter"}]},{"@type":"WebSite","@id":"https:\/\/www.sedge.be\/nl\/#website","url":"https:\/\/www.sedge.be\/nl\/","name":"Sedge Straws","description":"Change the world, straw by straw","potentialAction":[{"@type":"SearchAction","target":{"@type":"EntryPoint","urlTemplate":"https:\/\/www.sedge.be\/nl\/?s={search_term_string}"},"query-input":{"@type":"PropertyValueSpecification","valueRequired":true,"valueName":"search_term_string"}}],"inLanguage":"fr-FR"}]}},"_links":{"self":[{"href":"https:\/\/www.sedge.be\/fr\/wp-json\/wp\/v2\/pages\/1162","targetHints":{"allow":["GET"]}}],"collection":[{"href":"https:\/\/www.sedge.be\/fr\/wp-json\/wp\/v2\/pages"}],"about":[{"href":"https:\/\/www.sedge.be\/fr\/wp-json\/wp\/v2\/types\/page"}],"author":[{"embeddable":true,"href":"https:\/\/www.sedge.be\/fr\/wp-json\/wp\/v2\/users\/1"}],"replies":[{"embeddable":true,"href":"https:\/\/www.sedge.be\/fr\/wp-json\/wp\/v2\/comments?post=1162"}],"version-history":[{"count":0,"href":"https:\/\/www.sedge.be\/fr\/wp-json\/wp\/v2\/pages\/1162\/revisions"}],"wp:attachment":[{"href":"https:\/\/www.sedge.be\/fr\/wp-json\/wp\/v2\/media?parent=1162"}],"curies":[{"name":"wp","href":"https:\/\/api.w.org\/{rel}","templated":true}]}}